{"id":11,"date":"2026-02-23T14:55:10","date_gmt":"2026-02-23T13:55:10","guid":{"rendered":"https:\/\/quai-evenements.fr\/?page_id=11"},"modified":"2026-02-23T14:55:10","modified_gmt":"2026-02-23T13:55:10","slug":"mentions-legales","status":"publish","type":"page","link":"https:\/\/quai-evenements.fr\/?page_id=11","title":{"rendered":"Mentions l\u00e9gales"},"content":{"rendered":"<h2>Mentions l\u00e9gales<\/h2>\n<p>Conform\u00e9ment \u00e0 la loi n\u00b0 2004-575 du 21 juin 2004, les utilisateurs du site <strong>quai-evenements.fr<\/strong> sont inform\u00e9s de l&#8217;identit\u00e9 des intervenants dans le cadre de sa r\u00e9alisation.<\/p>\n<h3>\u00c9diteur<\/h3>\n<p>Le site quai-evenements.fr est \u00e9dit\u00e9 par Quai \u00c9v\u00e9nements Magazine.<\/p>\n","protected":false},"excerpt":{"rendered":"<p>Mentions l\u00e9gales Conform\u00e9ment \u00e0 la loi n\u00b0 2004-575 du 21 juin 2004, les utilisateurs du site quai-evenements.fr sont inform\u00e9s de l&#8217;identit\u00e9 des intervenants dans le cadre de sa r\u00e9alisation. \u00c9diteur Le site quai-evenements.fr est \u00e9dit\u00e9 par Quai \u00c9v\u00e9nements Magazine.<\/p>\n","protected":false},"author":1,"featured_media":0,"parent":0,"menu_order":0,"comment_status":"closed","ping_status":"closed","template":"","meta":{"footnotes":""},"class_list":["post-11","page","type-page","status-publish"],"_links":{"self":[{"href":"https:\/\/quai-evenements.fr\/index.php?rest_route=\/wp\/v2\/pages\/11","targetHints":{"allow":["GET"]}}],"collection":[{"href":"https:\/\/quai-evenements.fr\/index.php?rest_route=\/wp\/v2\/pages"}],"about":[{"href":"https:\/\/quai-evenements.fr\/index.php?rest_route=\/wp\/v2\/types\/page"}],"author":[{"embeddable":true,"href":"https:\/\/quai-evenements.fr\/index.php?rest_route=\/wp\/v2\/users\/1"}],"replies":[{"embeddable":true,"href":"https:\/\/quai-evenements.fr\/index.php?rest_route=%2Fwp%2Fv2%2Fcomments&post=11"}],"version-history":[{"count":1,"href":"https:\/\/quai-evenements.fr\/index.php?rest_route=\/wp\/v2\/pages\/11\/revisions"}],"predecessor-version":[{"id":12,"href":"https:\/\/quai-evenements.fr\/index.php?rest_route=\/wp\/v2\/pages\/11\/revisions\/12"}],"wp:attachment":[{"href":"https:\/\/quai-evenements.fr\/index.php?rest_route=%2Fwp%2Fv2%2Fmedia&parent=11"}],"curies":[{"name":"wp","href":"https:\/\/api.w.org\/{rel}","templated":true}]}}