{"id":7,"date":"2026-02-23T14:55:10","date_gmt":"2026-02-23T13:55:10","guid":{"rendered":"https:\/\/quai-evenements.fr\/?page_id=7"},"modified":"2026-02-23T14:55:10","modified_gmt":"2026-02-23T13:55:10","slug":"a-propos","status":"publish","type":"page","link":"https:\/\/quai-evenements.fr\/?page_id=7","title":{"rendered":"\u00c0 propos de Quai \u00c9v\u00e9nements"},"content":{"rendered":"<h2>Quai \u00c9v\u00e9nements, votre magazine mariage &#038; \u00e9v\u00e9nementiel<\/h2>\n<p>Quai \u00c9v\u00e9nements est un magazine ind\u00e9pendant d\u00e9di\u00e9 \u00e0 l&#8217;organisation d&#8217;\u00e9v\u00e9nements : mariages, soir\u00e9es d&#8217;entreprise, anniversaires, s\u00e9minaires. Nous publions des conseils pratiques, des guides budg\u00e9taires, des inspirations tendances et des comparatifs de prestataires pour vous aider \u00e0 organiser des \u00e9v\u00e9nements m\u00e9morables.<\/p>\n<p>Notre \u00e9quipe de passionn\u00e9s couvre toutes les \u00e9tapes de la planification \u00e9v\u00e9nementielle, du choix du lieu \u00e0 l&#8217;animation, en passant par la d\u00e9coration, le traiteur et la photographie.<\/p>\n","protected":false},"excerpt":{"rendered":"<p>Quai \u00c9v\u00e9nements, le magazine ind\u00e9pendant d\u00e9di\u00e9 \u00e0 l&#8217;organisation de mariages et d&#8217;\u00e9v\u00e9nements.<\/p>\n","protected":false},"author":1,"featured_media":0,"parent":0,"menu_order":0,"comment_status":"closed","ping_status":"closed","template":"","meta":{"footnotes":""},"class_list":["post-7","page","type-page","status-publish"],"_links":{"self":[{"href":"https:\/\/quai-evenements.fr\/index.php?rest_route=\/wp\/v2\/pages\/7","targetHints":{"allow":["GET"]}}],"collection":[{"href":"https:\/\/quai-evenements.fr\/index.php?rest_route=\/wp\/v2\/pages"}],"about":[{"href":"https:\/\/quai-evenements.fr\/index.php?rest_route=\/wp\/v2\/types\/page"}],"author":[{"embeddable":true,"href":"https:\/\/quai-evenements.fr\/index.php?rest_route=\/wp\/v2\/users\/1"}],"replies":[{"embeddable":true,"href":"https:\/\/quai-evenements.fr\/index.php?rest_route=%2Fwp%2Fv2%2Fcomments&post=7"}],"version-history":[{"count":1,"href":"https:\/\/quai-evenements.fr\/index.php?rest_route=\/wp\/v2\/pages\/7\/revisions"}],"predecessor-version":[{"id":8,"href":"https:\/\/quai-evenements.fr\/index.php?rest_route=\/wp\/v2\/pages\/7\/revisions\/8"}],"wp:attachment":[{"href":"https:\/\/quai-evenements.fr\/index.php?rest_route=%2Fwp%2Fv2%2Fmedia&parent=7"}],"curies":[{"name":"wp","href":"https:\/\/api.w.org\/{rel}","templated":true}]}}